{"id":538,"date":"2023-05-11T17:14:45","date_gmt":"2023-05-11T15:14:45","guid":{"rendered":"https:\/\/harmonieplus.de\/gizlilik-politikasi\/"},"modified":"2023-08-14T03:46:54","modified_gmt":"2023-08-14T01:46:54","slug":"gizlilik-politikasi","status":"publish","type":"page","link":"https:\/\/harmonieplus.de\/tr\/gizlilik-politikasi\/","title":{"rendered":"Gizlilik Politikas\u0131"},"content":{"rendered":"\t\t<div data-elementor-type=\"wp-page\" data-elementor-id=\"538\" class=\"elementor elementor-538 elementor-212\" data-elementor-post-type=\"page\">\n\t\t\t\t\t\t\t<div class=\"elementor-element elementor-element-1efc62a e-flex e-con-boxed e-con\" data-id=\"1efc62a\" data-element_type=\"container\" data-settings=\"{&quot;background_background&quot;:&quot;classic&quot;,&quot;content_width&quot;:&quot;boxed&quot;}\">\n\t\t\t\t\t<div class=\"e-con-inner\">\n\t\t\t\t<div class=\"elementor-element elementor-element-9414eea elementor-widget elementor-widget-heading\" data-id=\"9414eea\" data-element_type=\"widget\" data-widget_type=\"heading.default\">\n\t\t\t\t<div class=\"elementor-widget-container\">\n\t\t\t<style>\/*! elementor - v3.15.0 - 09-08-2023 *\/\n.elementor-heading-title{padding:0;margin:0;line-height:1}.elementor-widget-heading .elementor-heading-title[class*=elementor-size-]>a{color:inherit;font-size:inherit;line-height:inherit}.elementor-widget-heading .elementor-heading-title.elementor-size-small{font-size:15px}.elementor-widget-heading .elementor-heading-title.elementor-size-medium{font-size:19px}.elementor-widget-heading .elementor-heading-title.elementor-size-large{font-size:29px}.elementor-widget-heading .elementor-heading-title.elementor-size-xl{font-size:39px}.elementor-widget-heading .elementor-heading-title.elementor-size-xxl{font-size:59px}<\/style><h1 class=\"elementor-heading-title elementor-size-default\">Gizlilik Politikas\u0131<\/h1>\t\t<\/div>\n\t\t\t\t<\/div>\n\t\t\t\t\t<\/div>\n\t\t\t\t<\/div>\n\t\t<div class=\"elementor-element elementor-element-60417e0 e-flex e-con-boxed e-con\" data-id=\"60417e0\" data-element_type=\"container\" data-settings=\"{&quot;background_background&quot;:&quot;gradient&quot;,&quot;content_width&quot;:&quot;boxed&quot;}\">\n\t\t\t\t\t<div class=\"e-con-inner\">\n\t\t\t\t<div class=\"elementor-element elementor-element-93e3fee elementor-widget elementor-widget-text-editor\" data-id=\"93e3fee\" data-element_type=\"widget\" data-widget_type=\"text-editor.default\">\n\t\t\t\t<div class=\"elementor-widget-container\">\n\t\t\t<style>\/*! elementor - v3.15.0 - 09-08-2023 *\/\n.elementor-widget-text-editor.elementor-drop-cap-view-stacked .elementor-drop-cap{background-color:#69727d;color:#fff}.elementor-widget-text-editor.elementor-drop-cap-view-framed .elementor-drop-cap{color:#69727d;border:3px solid;background-color:transparent}.elementor-widget-text-editor:not(.elementor-drop-cap-view-default) .elementor-drop-cap{margin-top:8px}.elementor-widget-text-editor:not(.elementor-drop-cap-view-default) .elementor-drop-cap-letter{width:1em;height:1em}.elementor-widget-text-editor .elementor-drop-cap{float:left;text-align:center;line-height:1;font-size:50px}.elementor-widget-text-editor .elementor-drop-cap-letter{display:inline-block}<\/style>\t\t\t\t<h4>Genel bildirim ve zorunlu bilgiler<\/h4>\n<h5>Sorumlu kurumun belirlenmesi<\/h5>\n<p>Bu web sitesi i\u00e7in veri denetleyicisi:<\/p>\n<p>HarmoniePlus.de<br \/>Emine Arslan-Bilgin<br \/>Hugo Eckener Str. 29<br \/>50829 K\u00f6ln<br \/>Almanya<\/p>\n<p>Kontrol\u00f6r, ki\u015fisel verilerin (\u00f6rne\u011fin isimler, ileti\u015fim bilgileri veya benzerleri) i\u015flenme ama\u00e7lar\u0131na ve ara\u00e7lar\u0131na tek ba\u015f\u0131na veya ba\u015fkalar\u0131yla birlikte karar verir.<\/p>\n<h5>Veri i\u015fleme izninizin iptali<\/h5>\n<p>Baz\u0131 veri i\u015fleme i\u015flemleri yaln\u0131zca sizin a\u00e7\u0131k r\u0131zan\u0131zla m\u00fcmk\u00fcnd\u00fcr. Onay\u0131n\u0131z\u0131 istedi\u011finiz zaman iptal edebilirsiniz. \u0130ptal i\u00e7in e-posta yoluyla gayri resmi bir ileti\u015fim yeterlidir. \u0130ptal edilene kadar ger\u00e7ekle\u015ftirilen veri i\u015flemenin yasall\u0131\u011f\u0131 iptalden etkilenmez.   <\/p>\n<h5>Yetkili denetim makam\u0131na \u015fikayette bulunma hakk\u0131<\/h5>\n<p>Veri sahibi olarak, veri koruma yasas\u0131n\u0131n ihlali durumunda yetkili denetim makam\u0131na \u015fikayette bulunma hakk\u0131na sahipsiniz. Veri koruma konular\u0131nda yetkili denetim makam\u0131, \u015firketimizin bulundu\u011fu federal eyaletin eyalet veri koruma komiseridir. A\u015fa\u011f\u0131daki ba\u011flant\u0131da veri koruma g\u00f6revlilerinin bir listesi ve ileti\u015fim bilgileri yer almaktad\u0131r: https:\/\/www.bfdi.bund.de\/DE\/Infothek\/Anschriften_Links\/anschriften_links-node.html.  <\/p>\n<h5>Veri ta\u015f\u0131nabilirli\u011fi hakk\u0131<\/h5>\n<p>Onay\u0131n\u0131za dayanarak veya bir s\u00f6zle\u015fmenin yerine getirilmesi i\u00e7in otomatik olarak i\u015fledi\u011fimiz verilerin size veya \u00fc\u00e7\u00fcnc\u00fc taraflara verilmesini sa\u011flama hakk\u0131na sahipsiniz. Veriler makine taraf\u0131ndan okunabilir bir formatta sa\u011flanacakt\u0131r. Verilerin do\u011frudan sorumlu ba\u015fka bir ki\u015fiye aktar\u0131lmas\u0131n\u0131 talep ederseniz, bu yaln\u0131zca teknik olarak m\u00fcmk\u00fcn oldu\u011fu \u00f6l\u00e7\u00fcde yap\u0131lacakt\u0131r.  <\/p>\n<h5>Bilgi edinme, d\u00fczeltme, engelleme, silme hakk\u0131<\/h5>\n<p>Y\u00fcr\u00fcrl\u00fckteki yasal h\u00fck\u00fcmler \u00e7er\u00e7evesinde, saklanan ki\u015fisel verileriniz, verilerin kayna\u011f\u0131, al\u0131c\u0131lar\u0131 ve veri i\u015flemenin amac\u0131 hakk\u0131nda istedi\u011finiz zaman \u00fccretsiz bilgi alma ve varsa bu verileri d\u00fczeltme, engelleme veya silme hakk\u0131na sahipsiniz. Bu ba\u011flamda ve ayr\u0131ca ki\u015fisel veriler konusundaki di\u011fer sorular\u0131n\u0131z i\u00e7in, k\u00fcnyede listelenen ileti\u015fim se\u00e7enekleri arac\u0131l\u0131\u011f\u0131yla istedi\u011finiz zaman bizimle ileti\u015fime ge\u00e7ebilirsiniz. <\/p>\n<h5>SSL veya TLS \u015fifreleme<\/h5>\n<p>G\u00fcvenlik nedenleriyle ve site operat\u00f6r\u00fc olarak bize g\u00f6nderdi\u011finiz gizli i\u00e7eri\u011fin iletimini korumak i\u00e7in web sitemiz SSL veya TLS \u015fifreleme kullan\u0131r. Bu, bu web sitesi arac\u0131l\u0131\u011f\u0131yla iletti\u011finiz verilerin \u00fc\u00e7\u00fcnc\u00fc \u015fah\u0131slar taraf\u0131ndan okunamayaca\u011f\u0131 anlam\u0131na gelir. \u015eifrelenmi\u015f bir ba\u011flant\u0131y\u0131 taray\u0131c\u0131n\u0131z\u0131n &#8220;https:\/\/&#8221; adres sat\u0131r\u0131ndan ve taray\u0131c\u0131 sat\u0131r\u0131ndaki kilit sembol\u00fcnden tan\u0131yabilirsiniz.   <\/p>\n<h5>Sunucu g\u00fcnl\u00fck dosyalar\u0131<\/h5>\n<p>Sunucu g\u00fcnl\u00fck dosyalar\u0131nda, web sitesinin sa\u011flay\u0131c\u0131s\u0131, taray\u0131c\u0131n\u0131z\u0131n otomatik olarak bize iletti\u011fi bilgileri otomatik olarak toplar ve saklar. Bunlar \u015funlard\u0131r <\/p>\n<ul>\n<li>Alan\u0131m\u0131zda ziyaret edilen sayfa<\/li>\n<li>Sunucu iste\u011finin tarihi ve saati<\/li>\n<li>Taray\u0131c\u0131 t\u00fcr\u00fc ve s\u00fcr\u00fcm\u00fc<\/li>\n<li>Kullan\u0131lan i\u015fletim sistemi<\/li>\n<li>Y\u00f6nlendiren URL<\/li>\n<li>Eri\u015fen bilgisayar\u0131n ana bilgisayar ad\u0131<\/li>\n<li>IP adresi<\/li>\n<\/ul>\n<p>Bu veriler di\u011fer veri kaynaklar\u0131yla birle\u015ftirilmez. Veri i\u015fleme, bir s\u00f6zle\u015fmenin veya s\u00f6zle\u015fme \u00f6ncesi \u00f6nlemlerin yerine getirilmesi i\u00e7in verilerin i\u015flenmesine izin veren DSGVO Madde 6 paragraf 1 lit. b&#8217;ye dayanmaktad\u0131r.   <\/p>\n<h5>\u0130leti\u015fim formu<\/h5>\n<p>\u0130leti\u015fim bilgileriniz de dahil olmak \u00fczere ileti\u015fim formu arac\u0131l\u0131\u011f\u0131yla iletilen veriler, talebinizi i\u015fleme koyabilmek veya takip eden sorular i\u00e7in haz\u0131r olabilmek amac\u0131yla saklan\u0131r. Bu veriler sizin izniniz olmadan aktar\u0131lmayacakt\u0131r. <\/p>\n<p>\u0130leti\u015fim formuna girilen veriler yaln\u0131zca sizin r\u0131zan\u0131z temelinde i\u015flenir (DSGVO Madde 6 Paragraf 1 Bent a). Onay\u0131n\u0131z\u0131 istedi\u011finiz zaman iptal edebilirsiniz. \u0130ptal i\u00e7in e-posta yoluyla gayri resmi bir ileti\u015fim yeterlidir. \u0130ptal i\u015flemine kadar ger\u00e7ekle\u015ftirilen veri i\u015fleme faaliyetlerinin yasall\u0131\u011f\u0131 iptal i\u015fleminden etkilenmez.   <\/p>\n<p>\u0130leti\u015fim formu arac\u0131l\u0131\u011f\u0131yla iletilen veriler, siz silmemizi talep edene, saklama izninizi iptal edene veya verilerin saklanmas\u0131na art\u0131k gerek kalmayana kadar bizde kalacakt\u0131r. Zorunlu yasal h\u00fck\u00fcmler &#8211; \u00f6zellikle saklama s\u00fcreleri &#8211; etkilenmeden kal\u0131r. <\/p>\n<h5>\u00c7erezler<\/h5>\n<p>Web sitemizde \u00e7erezler kullan\u0131lmaktad\u0131r. Bunlar, web taray\u0131c\u0131n\u0131z\u0131n terminal cihaz\u0131n\u0131zda depolad\u0131\u011f\u0131 k\u00fc\u00e7\u00fck metin dosyalar\u0131d\u0131r. \u00c7erezler, web sitemizi daha kullan\u0131c\u0131 dostu, etkili ve g\u00fcvenli hale getirmemize yard\u0131mc\u0131 olur.  <\/p>\n<p>Baz\u0131 \u00e7erezler &#8220;oturum \u00e7erezleridir&#8221;. Bu t\u00fcr \u00e7erezler taray\u0131c\u0131 oturumunuzun sonunda otomatik olarak silinir. \u00d6te yandan, di\u011fer \u00e7erezler siz kendiniz silene kadar terminal cihaz\u0131n\u0131zda kal\u0131r. Bu t\u00fcr \u00e7erezler, siteye geri d\u00f6nd\u00fc\u011f\u00fcn\u00fczde sizi hat\u0131rlamam\u0131za yard\u0131mc\u0131 olur.   <br \/>web sitemizi tan\u0131mak i\u00e7in.<\/p>\n<p>Modern bir web taray\u0131c\u0131s\u0131 ile \u00e7erezlerin ayarlanmas\u0131n\u0131 izleyebilir, k\u0131s\u0131tlayabilir veya \u00f6nleyebilirsiniz. Bir\u00e7ok web taray\u0131c\u0131s\u0131, program kapat\u0131ld\u0131\u011f\u0131nda \u00e7erezler otomatik olarak silinecek \u015fekilde yap\u0131land\u0131r\u0131labilir. \u00c7erezlerin devre d\u0131\u015f\u0131 b\u0131rak\u0131lmas\u0131  <br \/>web sitemizin s\u0131n\u0131rl\u0131 i\u015flevselli\u011fine neden olabilir.<\/p>\n<p>Elektronik ileti\u015fim s\u00fcre\u00e7lerinin uygulanmas\u0131 veya sizin taraf\u0131n\u0131zdan istenen belirli i\u015flevlerin (\u00f6rne\u011fin al\u0131\u015fveri\u015f sepeti) sa\u011flanmas\u0131 i\u00e7in gerekli olan \u00e7erezlerin ayarlanmas\u0131, DSGVO Madde 6 paragraf 1 lit. f&#8217;ye dayanmaktad\u0131r. Bu web sitesinin operat\u00f6r\u00fc olarak   <br \/>web sitesinde, hizmetlerimizin teknik olarak hatas\u0131z ve sorunsuz bir \u015fekilde sunulmas\u0131 i\u00e7in \u00e7erezleri saklamak konusunda me\u015fru bir menfaatimiz bulunmaktad\u0131r. Ba\u015fka \u00e7erezler ayarlan\u0131rsa (\u00f6rne\u011fin analiz i\u015flevleri i\u00e7in), bunlar bu b\u00f6l\u00fcmde belirtilecektir <br \/>gizlilik politikas\u0131 ayr\u0131 olarak ele al\u0131nmaktad\u0131r.<\/p>\n<h5>Google Analytics<\/h5>\n<p>Web sitemiz, web analiz hizmeti Google Analytics&#8217;in i\u015flevlerini kullanmaktad\u0131r. Web analiz hizmetinin sa\u011flay\u0131c\u0131s\u0131 Google Inc, 1600 Amphitheatre Parkway, Mountain View, CA 94043, ABD&#8217;dir.<\/p>\n<p>Google Analytics &#8220;\u00e7erezler&#8221; kullan\u0131r. Bunlar, web taray\u0131c\u0131n\u0131z\u0131n terminal cihaz\u0131n\u0131zda saklad\u0131\u011f\u0131 ve web sitesi kullan\u0131m\u0131n\u0131n analiz edilmesini sa\u011flayan k\u00fc\u00e7\u00fck metin dosyalar\u0131d\u0131r. Web sitemizi kullan\u0131m\u0131n\u0131z hakk\u0131nda \u00e7erezler arac\u0131l\u0131\u011f\u0131yla olu\u015fturulan bilgiler  <br \/>bir Google sunucusuna iletilir ve orada saklan\u0131r. Sunucu genellikle ABD&#8217;de bulunur. <\/p>\n<p>Google Analytics \u00e7erezlerinin ayarlanmas\u0131 DSGVO Madde 6 (1) f bendine dayanmaktad\u0131r. Bu web sitesinin operat\u00f6r\u00fc olarak, web sitemizi ve gerekirse reklamlar\u0131m\u0131z\u0131 optimize etmek i\u00e7in kullan\u0131c\u0131 davran\u0131\u015f\u0131n\u0131 analiz etme konusunda me\u015fru bir menfaatimiz vard\u0131r.   <\/p>\n<p>IP anonimle\u015ftirme<\/p>\n<p>Google Analytics&#8217;i IP anonimle\u015ftirme i\u015flevi ile birlikte kullan\u0131yoruz. Bu, Google&#8217;\u0131n IP adresinizi Avrupa Birli\u011fi \u00fcye \u00fclkelerinde veya Avrupa Ekonomik Alan\u0131 Anla\u015fmas\u0131&#8217;na taraf olan di\u011fer \u00fclkelerde tan\u0131mlamamas\u0131n\u0131 sa\u011flar. <br \/>ABD&#8217;ye iletilmeden \u00f6nce k\u0131salt\u0131l\u0131r. Google&#8217;\u0131n IP adresinin tamam\u0131n\u0131 ABD&#8217;deki bir sunucuya iletti\u011fi ve orada k\u0131saltt\u0131\u011f\u0131 istisnai durumlar olabilir. Google bu bilgileri bizim ad\u0131m\u0131za web sitesini kullan\u0131m\u0131n\u0131z\u0131 de\u011ferlendirmek i\u00e7in kullanacakt\u0131r.  <br \/>Google Analytics bu bilgileri, web sitesini kullan\u0131m\u0131n\u0131z\u0131 de\u011ferlendirmek, web sitesi etkinli\u011fi hakk\u0131nda raporlar derlemek ve web sitesi etkinli\u011fi ve internet kullan\u0131m\u0131yla ilgili di\u011fer hizmetleri sa\u011flamak amac\u0131yla kullanacakt\u0131r. Google Analytics taraf\u0131ndan iletilen verilerin konsolidasyonu s\u00f6z konusu de\u011fildir. <br \/>Google&#8217;\u0131n di\u011fer verileriyle birlikte IP adresi.<\/p>\n<p>Taray\u0131c\u0131 eklentisi<\/p>\n<p>Web taray\u0131c\u0131n\u0131z taraf\u0131ndan \u00e7erezlerin ayarlanmas\u0131 engellenebilir. Ancak bunun sonucunda web sitemizin baz\u0131 i\u015flevleri k\u0131s\u0131tlanabilir. Ayn\u0131 \u015fekilde, IP adresiniz de dahil olmak \u00fczere web sitesi kullan\u0131m\u0131n\u0131zla ilgili verilerin toplanmas\u0131n\u0131 a\u015fa\u011f\u0131dakilerle birlikte \u00f6nleyebilirsiniz  <br \/>Google taraf\u0131ndan m\u00fcteakip i\u015fleme. Bu, a\u015fa\u011f\u0131daki ba\u011flant\u0131dan eri\u015filebilen taray\u0131c\u0131 eklentisini indirip y\u00fckleyerek m\u00fcmk\u00fcnd\u00fcr: https:\/\/tools.google.com\/dlpage\/gaoptout?hl=de. <\/p>\n<p>Veri toplanmas\u0131na itiraz<\/p>\n<p>A\u015fa\u011f\u0131daki ba\u011flant\u0131ya t\u0131klayarak verilerinizin Google Analytics taraf\u0131ndan toplanmas\u0131n\u0131 \u00f6nleyebilirsiniz. Web sitemize gelecekte yapaca\u011f\u0131n\u0131z ziyaretler s\u0131ras\u0131nda verilerinizin toplanmas\u0131n\u0131 \u00f6nleyecek bir devre d\u0131\u015f\u0131 b\u0131rakma \u00e7erezi ayarlanacakt\u0131r: Google Analytics&#8217;i devre d\u0131\u015f\u0131 b\u0131rak\u0131n. <\/p>\n<p>Google Analytics&#8217;in kullan\u0131c\u0131 verilerini nas\u0131l i\u015fledi\u011fine ili\u015fkin ayr\u0131nt\u0131lar Google&#8217;\u0131n gizlilik politikas\u0131nda bulunabilir: https:\/\/support.google.com\/analytics\/answer\/6004245?hl=de.<\/p>\n<p>\u0130\u015f i\u015flemleri<\/p>\n<p>Yasal veri koruma gerekliliklerine tam olarak uymak i\u00e7in Google ile bir sipari\u015f i\u015fleme s\u00f6zle\u015fmesi imzalad\u0131k.<\/p>\n<p>Google Analytics&#8217;te demografik \u00f6zellikler<\/p>\n<p>Web sitemiz Google Analytics&#8217;in &#8220;demografik \u00f6zellikler&#8221; i\u015flevini kullanmaktad\u0131r. Sayfa ziyaret\u00e7ilerinin ya\u015f\u0131, cinsiyeti ve ilgi alanlar\u0131 hakk\u0131nda ifadeler i\u00e7eren raporlar olu\u015fturmak i\u00e7in kullan\u0131labilir. Bu veriler ilgi alan\u0131na dayal\u0131 reklamc\u0131l\u0131ktan gelir  <br \/>Google&#8217;dan ve \u00fc\u00e7\u00fcnc\u00fc taraf sa\u011flay\u0131c\u0131lardan gelen ziyaret\u00e7i verilerinden. Verilerin belirli bir ki\u015fiye atanmas\u0131 m\u00fcmk\u00fcn de\u011fildir. Bu i\u015flevi istedi\u011finiz zaman devre d\u0131\u015f\u0131 b\u0131rakabilirsiniz. Bu, Google hesab\u0131n\u0131zdaki reklam ayarlar\u0131 arac\u0131l\u0131\u011f\u0131yla veya   <br \/>&#8220;Veri toplamaya itiraz&#8221; b\u00f6l\u00fcm\u00fcnde a\u00e7\u0131kland\u0131\u011f\u0131 gibi, verilerinizin Google Analytics taraf\u0131ndan toplanmas\u0131n\u0131 genel olarak yasaklayarak.<\/p>\n\t\t\t\t\t\t<\/div>\n\t\t\t\t<\/div>\n\t\t\t\t<div class=\"elementor-element elementor-element-8c65791 elementor-widget elementor-widget-shortcode\" data-id=\"8c65791\" data-element_type=\"widget\" data-widget_type=\"shortcode.default\">\n\t\t\t\t<div class=\"elementor-widget-container\">\n\t\t\t\t\t<div class=\"elementor-shortcode\"><button href=\"#consent-change\" id=\"rcb-sc-link-change\" data-success-message=\"\" class=\"rcb-sc-link rcb-sc-link-change \">Gizlilik ayarlar\u0131n\u0131 de\u011fi\u015ftirme<\/button><\/div>\n\t\t\t\t<\/div>\n\t\t\t\t<\/div>\n\t\t\t\t<div class=\"elementor-element elementor-element-76df576 elementor-widget elementor-widget-shortcode\" data-id=\"76df576\" data-element_type=\"widget\" data-widget_type=\"shortcode.default\">\n\t\t\t\t<div class=\"elementor-widget-container\">\n\t\t\t\t\t<div class=\"elementor-shortcode\"><button href=\"#consent-history\" id=\"rcb-sc-link-history\" data-success-message=\"\" class=\"rcb-sc-link rcb-sc-link-history \">Gizlilik ayarlar\u0131n\u0131n ge\u00e7mi\u015fi<\/button><\/div>\n\t\t\t\t<\/div>\n\t\t\t\t<\/div>\n\t\t\t\t<div class=\"elementor-element elementor-element-d369eb6 elementor-widget elementor-widget-shortcode\" data-id=\"d369eb6\" data-element_type=\"widget\" data-widget_type=\"shortcode.default\">\n\t\t\t\t<div class=\"elementor-widget-container\">\n\t\t\t\t\t<div class=\"elementor-shortcode\"><button href=\"#consent-revoke\" id=\"rcb-sc-link-revoke\" data-success-message=\"\u00c7erezleri ve ki\u015fisel verilerin i\u015flenmesi ile hizmetler i\u00e7in onay\u0131n\u0131z\u0131 ba\u015far\u0131yla geri \u00e7ektiniz. Sayfa \u015fimdi yeniden y\u00fcklenecek!\" class=\"rcb-sc-link rcb-sc-link-revoke \">Onaylar\u0131 iptal etme<\/button><\/div>\n\t\t\t\t<\/div>\n\t\t\t\t<\/div>\n\t\t\t\t\t<\/div>\n\t\t\t\t<\/div>\n\t\t\t\t\t\t\t<\/div>\n\t\t","protected":false},"excerpt":{"rendered":"<p>Gizlilik Politikas\u0131 Genel bildirim ve zorunlu bilgiler Sorumlu kurumun belirlenmesi Bu web sitesi i\u00e7in veri denetleyicisi: HarmoniePlus.deEmine Arslan-BilginHugo Eckener Str. 2950829 K\u00f6lnAlmanya Kontrol\u00f6r, ki\u015fisel verilerin (\u00f6rne\u011fin isimler, ileti\u015fim bilgileri veya benzerleri) i\u015flenme ama\u00e7lar\u0131na ve ara\u00e7lar\u0131na tek ba\u015f\u0131na veya ba\u015fkalar\u0131yla birlikte karar verir. Veri i\u015fleme izninizin iptali Baz\u0131 veri i\u015fleme i\u015flemleri yaln\u0131zca sizin a\u00e7\u0131k r\u0131zan\u0131zla m\u00fcmk\u00fcnd\u00fcr. [&hellip;]<\/p>\n","protected":false},"author":1,"featured_media":0,"parent":0,"menu_order":0,"comment_status":"closed","ping_status":"closed","template":"","meta":{"footnotes":""},"yoast_head":"<!-- This site is optimized with the Yoast SEO plugin v20.13 - https:\/\/yoast.com\/wordpress\/plugins\/seo\/ -->\n<title>Gizlilik Politikas\u0131 - Harmonieplus<\/title>\n<meta name=\"robots\" content=\"index, follow, max-snippet:-1, max-image-preview:large, max-video-preview:-1\" \/>\n<link rel=\"canonical\" href=\"https:\/\/harmonieplus.de\/tr\/gizlilik-politikasi\/\" \/>\n<meta property=\"og:locale\" content=\"tr_TR\" \/>\n<meta property=\"og:type\" content=\"article\" \/>\n<meta property=\"og:title\" content=\"Gizlilik Politikas\u0131 - Harmonieplus\" \/>\n<meta property=\"og:description\" content=\"Gizlilik Politikas\u0131 Genel bildirim ve zorunlu bilgiler Sorumlu kurumun belirlenmesi Bu web sitesi i\u00e7in veri denetleyicisi: HarmoniePlus.deEmine Arslan-BilginHugo Eckener Str. 2950829 K\u00f6lnAlmanya Kontrol\u00f6r, ki\u015fisel verilerin (\u00f6rne\u011fin isimler, ileti\u015fim bilgileri veya benzerleri) i\u015flenme ama\u00e7lar\u0131na ve ara\u00e7lar\u0131na tek ba\u015f\u0131na veya ba\u015fkalar\u0131yla birlikte karar verir. Veri i\u015fleme izninizin iptali Baz\u0131 veri i\u015fleme i\u015flemleri yaln\u0131zca sizin a\u00e7\u0131k r\u0131zan\u0131zla m\u00fcmk\u00fcnd\u00fcr. [&hellip;]\" \/>\n<meta property=\"og:url\" content=\"https:\/\/harmonieplus.de\/tr\/gizlilik-politikasi\/\" \/>\n<meta property=\"og:site_name\" content=\"Harmonieplus\" \/>\n<meta property=\"article:modified_time\" content=\"2023-08-14T01:46:54+00:00\" \/>\n<meta name=\"twitter:card\" content=\"summary_large_image\" \/>\n<meta name=\"twitter:label1\" content=\"Tahmini okuma s\u00fcresi\" \/>\n\t<meta name=\"twitter:data1\" content=\"7 dakika\" \/>\n<script type=\"application\/ld+json\" class=\"yoast-schema-graph\">{\"@context\":\"https:\/\/schema.org\",\"@graph\":[{\"@type\":\"WebPage\",\"@id\":\"https:\/\/harmonieplus.de\/tr\/gizlilik-politikasi\/\",\"url\":\"https:\/\/harmonieplus.de\/tr\/gizlilik-politikasi\/\",\"name\":\"Gizlilik Politikas\u0131 - Harmonieplus\",\"isPartOf\":{\"@id\":\"https:\/\/harmonieplus.de\/tr\/#website\"},\"datePublished\":\"2023-05-11T15:14:45+00:00\",\"dateModified\":\"2023-08-14T01:46:54+00:00\",\"breadcrumb\":{\"@id\":\"https:\/\/harmonieplus.de\/tr\/gizlilik-politikasi\/#breadcrumb\"},\"inLanguage\":\"tr\",\"potentialAction\":[{\"@type\":\"ReadAction\",\"target\":[\"https:\/\/harmonieplus.de\/tr\/gizlilik-politikasi\/\"]}]},{\"@type\":\"BreadcrumbList\",\"@id\":\"https:\/\/harmonieplus.de\/tr\/gizlilik-politikasi\/#breadcrumb\",\"itemListElement\":[{\"@type\":\"ListItem\",\"position\":1,\"name\":\"Startseite\",\"item\":\"https:\/\/harmonieplus.de\/tr\/\"},{\"@type\":\"ListItem\",\"position\":2,\"name\":\"Gizlilik Politikas\u0131\"}]},{\"@type\":\"WebSite\",\"@id\":\"https:\/\/harmonieplus.de\/tr\/#website\",\"url\":\"https:\/\/harmonieplus.de\/tr\/\",\"name\":\"Harmonieplus\",\"description\":\"Individuelle Beratung f\u00fcr pers\u00f6nliche und famili\u00e4re Herausforderungen\",\"publisher\":{\"@id\":\"https:\/\/harmonieplus.de\/tr\/#organization\"},\"potentialAction\":[{\"@type\":\"SearchAction\",\"target\":{\"@type\":\"EntryPoint\",\"urlTemplate\":\"https:\/\/harmonieplus.de\/tr\/?s={search_term_string}\"},\"query-input\":\"required name=search_term_string\"}],\"inLanguage\":\"tr\"},{\"@type\":\"Organization\",\"@id\":\"https:\/\/harmonieplus.de\/tr\/#organization\",\"name\":\"Harmonieplus\",\"url\":\"https:\/\/harmonieplus.de\/tr\/\",\"logo\":{\"@type\":\"ImageObject\",\"inLanguage\":\"tr\",\"@id\":\"https:\/\/harmonieplus.de\/tr\/#\/schema\/logo\/image\/\",\"url\":\"https:\/\/harmonieplus.de\/wp-content\/uploads\/2023\/05\/harmonieplus-favicon2.png\",\"contentUrl\":\"https:\/\/harmonieplus.de\/wp-content\/uploads\/2023\/05\/harmonieplus-favicon2.png\",\"width\":134,\"height\":134,\"caption\":\"Harmonieplus\"},\"image\":{\"@id\":\"https:\/\/harmonieplus.de\/tr\/#\/schema\/logo\/image\/\"}}]}<\/script>\n<!-- \/ Yoast SEO plugin. -->","yoast_head_json":{"title":"Gizlilik Politikas\u0131 - Harmonieplus","robots":{"index":"index","follow":"follow","max-snippet":"max-snippet:-1","max-image-preview":"max-image-preview:large","max-video-preview":"max-video-preview:-1"},"canonical":"https:\/\/harmonieplus.de\/tr\/gizlilik-politikasi\/","og_locale":"tr_TR","og_type":"article","og_title":"Gizlilik Politikas\u0131 - Harmonieplus","og_description":"Gizlilik Politikas\u0131 Genel bildirim ve zorunlu bilgiler Sorumlu kurumun belirlenmesi Bu web sitesi i\u00e7in veri denetleyicisi: HarmoniePlus.deEmine Arslan-BilginHugo Eckener Str. 2950829 K\u00f6lnAlmanya Kontrol\u00f6r, ki\u015fisel verilerin (\u00f6rne\u011fin isimler, ileti\u015fim bilgileri veya benzerleri) i\u015flenme ama\u00e7lar\u0131na ve ara\u00e7lar\u0131na tek ba\u015f\u0131na veya ba\u015fkalar\u0131yla birlikte karar verir. Veri i\u015fleme izninizin iptali Baz\u0131 veri i\u015fleme i\u015flemleri yaln\u0131zca sizin a\u00e7\u0131k r\u0131zan\u0131zla m\u00fcmk\u00fcnd\u00fcr. [&hellip;]","og_url":"https:\/\/harmonieplus.de\/tr\/gizlilik-politikasi\/","og_site_name":"Harmonieplus","article_modified_time":"2023-08-14T01:46:54+00:00","twitter_card":"summary_large_image","twitter_misc":{"Tahmini okuma s\u00fcresi":"7 dakika"},"schema":{"@context":"https:\/\/schema.org","@graph":[{"@type":"WebPage","@id":"https:\/\/harmonieplus.de\/tr\/gizlilik-politikasi\/","url":"https:\/\/harmonieplus.de\/tr\/gizlilik-politikasi\/","name":"Gizlilik Politikas\u0131 - Harmonieplus","isPartOf":{"@id":"https:\/\/harmonieplus.de\/tr\/#website"},"datePublished":"2023-05-11T15:14:45+00:00","dateModified":"2023-08-14T01:46:54+00:00","breadcrumb":{"@id":"https:\/\/harmonieplus.de\/tr\/gizlilik-politikasi\/#breadcrumb"},"inLanguage":"tr","potentialAction":[{"@type":"ReadAction","target":["https:\/\/harmonieplus.de\/tr\/gizlilik-politikasi\/"]}]},{"@type":"BreadcrumbList","@id":"https:\/\/harmonieplus.de\/tr\/gizlilik-politikasi\/#breadcrumb","itemListElement":[{"@type":"ListItem","position":1,"name":"Startseite","item":"https:\/\/harmonieplus.de\/tr\/"},{"@type":"ListItem","position":2,"name":"Gizlilik Politikas\u0131"}]},{"@type":"WebSite","@id":"https:\/\/harmonieplus.de\/tr\/#website","url":"https:\/\/harmonieplus.de\/tr\/","name":"Harmonieplus","description":"Individuelle Beratung f\u00fcr pers\u00f6nliche und famili\u00e4re Herausforderungen","publisher":{"@id":"https:\/\/harmonieplus.de\/tr\/#organization"},"potentialAction":[{"@type":"SearchAction","target":{"@type":"EntryPoint","urlTemplate":"https:\/\/harmonieplus.de\/tr\/?s={search_term_string}"},"query-input":"required name=search_term_string"}],"inLanguage":"tr"},{"@type":"Organization","@id":"https:\/\/harmonieplus.de\/tr\/#organization","name":"Harmonieplus","url":"https:\/\/harmonieplus.de\/tr\/","logo":{"@type":"ImageObject","inLanguage":"tr","@id":"https:\/\/harmonieplus.de\/tr\/#\/schema\/logo\/image\/","url":"https:\/\/harmonieplus.de\/wp-content\/uploads\/2023\/05\/harmonieplus-favicon2.png","contentUrl":"https:\/\/harmonieplus.de\/wp-content\/uploads\/2023\/05\/harmonieplus-favicon2.png","width":134,"height":134,"caption":"Harmonieplus"},"image":{"@id":"https:\/\/harmonieplus.de\/tr\/#\/schema\/logo\/image\/"}}]}},"_links":{"self":[{"href":"https:\/\/harmonieplus.de\/tr\/wp-json\/wp\/v2\/pages\/538"}],"collection":[{"href":"https:\/\/harmonieplus.de\/tr\/wp-json\/wp\/v2\/pages"}],"about":[{"href":"https:\/\/harmonieplus.de\/tr\/wp-json\/wp\/v2\/types\/page"}],"author":[{"embeddable":true,"href":"https:\/\/harmonieplus.de\/tr\/wp-json\/wp\/v2\/users\/1"}],"replies":[{"embeddable":true,"href":"https:\/\/harmonieplus.de\/tr\/wp-json\/wp\/v2\/comments?post=538"}],"version-history":[{"count":6,"href":"https:\/\/harmonieplus.de\/tr\/wp-json\/wp\/v2\/pages\/538\/revisions"}],"predecessor-version":[{"id":582,"href":"https:\/\/harmonieplus.de\/tr\/wp-json\/wp\/v2\/pages\/538\/revisions\/582"}],"wp:attachment":[{"href":"https:\/\/harmonieplus.de\/tr\/wp-json\/wp\/v2\/media?parent=538"}],"curies":[{"name":"wp","href":"https:\/\/api.w.org\/{rel}","templated":true}]}}