{"id":534,"date":"2023-05-11T17:14:51","date_gmt":"2023-05-11T15:14:51","guid":{"rendered":"https:\/\/harmonieplus.de\/kuenye\/"},"modified":"2023-08-22T15:31:01","modified_gmt":"2023-08-22T13:31:01","slug":"kuenye","status":"publish","type":"page","link":"https:\/\/harmonieplus.de\/tr\/kuenye\/","title":{"rendered":"K\u00fcnye"},"content":{"rendered":"\t\t<div data-elementor-type=\"wp-page\" data-elementor-id=\"534\" class=\"elementor elementor-534 elementor-214\" data-elementor-post-type=\"page\">\n\t\t\t\t\t\t\t<div class=\"elementor-element elementor-element-d650355 e-flex e-con-boxed e-con\" data-id=\"d650355\" data-element_type=\"container\" data-settings=\"{&quot;background_background&quot;:&quot;classic&quot;,&quot;content_width&quot;:&quot;boxed&quot;}\">\n\t\t\t\t\t<div class=\"e-con-inner\">\n\t\t\t\t<div class=\"elementor-element elementor-element-76a0a22 elementor-widget elementor-widget-heading\" data-id=\"76a0a22\" data-element_type=\"widget\" data-widget_type=\"heading.default\">\n\t\t\t\t<div class=\"elementor-widget-container\">\n\t\t\t<style>\/*! elementor - v3.15.0 - 09-08-2023 *\/\n.elementor-heading-title{padding:0;margin:0;line-height:1}.elementor-widget-heading .elementor-heading-title[class*=elementor-size-]>a{color:inherit;font-size:inherit;line-height:inherit}.elementor-widget-heading .elementor-heading-title.elementor-size-small{font-size:15px}.elementor-widget-heading .elementor-heading-title.elementor-size-medium{font-size:19px}.elementor-widget-heading .elementor-heading-title.elementor-size-large{font-size:29px}.elementor-widget-heading .elementor-heading-title.elementor-size-xl{font-size:39px}.elementor-widget-heading .elementor-heading-title.elementor-size-xxl{font-size:59px}<\/style><h1 class=\"elementor-heading-title elementor-size-default\">K\u00fcnye<\/h1>\t\t<\/div>\n\t\t\t\t<\/div>\n\t\t\t\t\t<\/div>\n\t\t\t\t<\/div>\n\t\t<div class=\"elementor-element elementor-element-fdc8696 e-flex e-con-boxed e-con\" data-id=\"fdc8696\" data-element_type=\"container\" data-settings=\"{&quot;background_background&quot;:&quot;gradient&quot;,&quot;content_width&quot;:&quot;boxed&quot;}\">\n\t\t\t\t\t<div class=\"e-con-inner\">\n\t\t\t\t<div class=\"elementor-element elementor-element-422adf9 elementor-widget elementor-widget-text-editor\" data-id=\"422adf9\" data-element_type=\"widget\" data-widget_type=\"text-editor.default\">\n\t\t\t\t<div class=\"elementor-widget-container\">\n\t\t\t<style>\/*! elementor - v3.15.0 - 09-08-2023 *\/\n.elementor-widget-text-editor.elementor-drop-cap-view-stacked .elementor-drop-cap{background-color:#69727d;color:#fff}.elementor-widget-text-editor.elementor-drop-cap-view-framed .elementor-drop-cap{color:#69727d;border:3px solid;background-color:transparent}.elementor-widget-text-editor:not(.elementor-drop-cap-view-default) .elementor-drop-cap{margin-top:8px}.elementor-widget-text-editor:not(.elementor-drop-cap-view-default) .elementor-drop-cap-letter{width:1em;height:1em}.elementor-widget-text-editor .elementor-drop-cap{float:left;text-align:center;line-height:1;font-size:50px}.elementor-widget-text-editor .elementor-drop-cap-letter{display:inline-block}<\/style>\t\t\t\t<h4>TMG Madde 5 uyar\u0131nca bilgiler<\/h4>\n<p>HarmoniePlus.de<br \/>Emine Arslan-Bilgin<br \/>Hugo Eckener Str. 29<br \/>50829 K\u00f6ln<br \/>Almanya<\/p>\n<p>Temsilci:<br \/>Emine Arslan-Bilgin<\/p>\n<p>\u0130leti\u015fim:<br \/>Telefon: +49 173 7963233<br \/>E-Mail: info@harmonieplus.de<\/p>\n<h4>Sorumluluk reddi:<\/h4>\n<h5>\u0130\u00e7indekiler i\u00e7in sorumluluk<\/h5>\n<p>Sayfalar\u0131m\u0131z\u0131n i\u00e7eri\u011fi azami \u00f6zen g\u00f6sterilerek olu\u015fturulmu\u015ftur. Ancak, i\u00e7eri\u011fin do\u011frulu\u011fu, eksiksizli\u011fi ve g\u00fcncelli\u011fi konusunda herhangi bir sorumluluk kabul edemeyiz. Bir hizmet sa\u011flay\u0131c\u0131 olarak, Alman Telemedya Yasas\u0131 (TMG) Madde 7 (1) uyar\u0131nca genel mevzuata uygun olarak bu sayfalardaki kendi i\u00e7eri\u011fimizden sorumluyuz. Bununla birlikte, TMG \u00a7\u00a7 8 ila 10 uyar\u0131nca, bir hizmet sa\u011flay\u0131c\u0131 olarak iletilen veya depolanan \u00fc\u00e7\u00fcnc\u00fc taraf bilgilerini izlemek veya yasa d\u0131\u015f\u0131 faaliyetlere i\u015faret eden durumlar\u0131 ara\u015ft\u0131rmak zorunda de\u011filiz. Genel yasalar uyar\u0131nca bilgilerin kullan\u0131m\u0131n\u0131 kald\u0131rma veya engelleme y\u00fck\u00fcml\u00fcl\u00fckleri bundan etkilenmez. Ancak, bu konudaki sorumluluk sadece somut bir yasa ihlalinin \u00f6\u011frenildi\u011fi andan itibaren m\u00fcmk\u00fcnd\u00fcr. \u0130lgili ihlallerden haberdar olursak, bu i\u00e7eri\u011fi derhal kald\u0131raca\u011f\u0131z.       <\/p>\n<h5>Ba\u011flant\u0131lar i\u00e7in sorumluluk<\/h5>\n<p>Teklifimiz, i\u00e7erikleri \u00fczerinde hi\u00e7bir etkimiz olmayan \u00fc\u00e7\u00fcnc\u00fc taraflar\u0131n harici web sitelerine ba\u011flant\u0131lar i\u00e7ermektedir. Bu nedenle, bu harici i\u00e7erikler i\u00e7in herhangi bir sorumluluk kabul edemeyiz. Ba\u011flant\u0131l\u0131 sayfalar\u0131n i\u00e7eri\u011finden her zaman sayfalar\u0131n ilgili sa\u011flay\u0131c\u0131s\u0131 veya operat\u00f6r\u00fc sorumludur. Ba\u011flant\u0131 verilen sayfalar, ba\u011flant\u0131 verildi\u011fi s\u0131rada olas\u0131 yasal ihlallere kar\u015f\u0131 kontrol edilmi\u015ftir. Ba\u011flant\u0131 verildi\u011fi s\u0131rada yasa d\u0131\u015f\u0131 i\u00e7erikler tespit edilememi\u015ftir. Ancak, ba\u011flant\u0131l\u0131 sayfalar\u0131n i\u00e7eri\u011finin s\u00fcrekli olarak izlenmesi, yasal bir ihlalin somut g\u00f6stergeleri olmadan makul de\u011fildir. Herhangi bir yasa ihlalinden haberdar olursak, bu t\u00fcr ba\u011flant\u0131lar\u0131 derhal kald\u0131raca\u011f\u0131z.      <\/p>\n<h5>Telif Hakk\u0131<\/h5>\n<p>Bu sayfalarda site operat\u00f6rleri taraf\u0131ndan olu\u015fturulan i\u00e7erik ve eserler Alman telif hakk\u0131 yasas\u0131na tabidir. \u00c7o\u011faltma, i\u015fleme, da\u011f\u0131t\u0131m ve telif hakk\u0131 yasas\u0131n\u0131n s\u0131n\u0131rlar\u0131 d\u0131\u015f\u0131ndaki her t\u00fcrl\u00fc kullan\u0131m, ilgili yazar\u0131n veya yarat\u0131c\u0131n\u0131n yaz\u0131l\u0131 onay\u0131n\u0131 gerektirir. Bu sitenin indirilmesine ve kopyalanmas\u0131na yaln\u0131zca \u00f6zel, ticari olmayan kullan\u0131m i\u00e7in izin verilir. Bu sitedeki i\u00e7erik operat\u00f6r taraf\u0131ndan olu\u015fturulmad\u0131\u011f\u0131 s\u00fcrece, \u00fc\u00e7\u00fcnc\u00fc taraflar\u0131n telif haklar\u0131na sayg\u0131 g\u00f6sterilir. \u00d6zellikle, \u00fc\u00e7\u00fcnc\u00fc taraf i\u00e7eri\u011fi bu \u015fekilde i\u015faretlenmi\u015ftir. Yine de bir telif hakk\u0131 ihlalinden haberdar olursan\u0131z, l\u00fctfen bizi uygun \u015fekilde bilgilendirin. Herhangi bir ihlalden haberdar olursak, bu t\u00fcr i\u00e7eri\u011fi derhal kald\u0131raca\u011f\u0131z.      <\/p>\n\t\t\t\t\t\t<\/div>\n\t\t\t\t<\/div>\n\t\t\t\t\t<\/div>\n\t\t\t\t<\/div>\n\t\t\t\t\t\t\t<\/div>\n\t\t","protected":false},"excerpt":{"rendered":"<p>K\u00fcnye TMG Madde 5 uyar\u0131nca bilgiler HarmoniePlus.deEmine Arslan-BilginHugo Eckener Str. 2950829 K\u00f6lnAlmanya Temsilci:Emine Arslan-Bilgin \u0130leti\u015fim:Telefon: +49 173 7963233E-Mail: info@harmonieplus.de Sorumluluk reddi: \u0130\u00e7indekiler i\u00e7in sorumluluk Sayfalar\u0131m\u0131z\u0131n i\u00e7eri\u011fi azami \u00f6zen g\u00f6sterilerek olu\u015fturulmu\u015ftur. Ancak, i\u00e7eri\u011fin do\u011frulu\u011fu, eksiksizli\u011fi ve g\u00fcncelli\u011fi konusunda herhangi bir sorumluluk kabul edemeyiz. Bir hizmet sa\u011flay\u0131c\u0131 olarak, Alman Telemedya Yasas\u0131 (TMG) Madde 7 (1) uyar\u0131nca genel [&hellip;]<\/p>\n","protected":false},"author":1,"featured_media":0,"parent":0,"menu_order":0,"comment_status":"closed","ping_status":"closed","template":"","meta":{"footnotes":""},"yoast_head":"<!-- This site is optimized with the Yoast SEO plugin v20.13 - https:\/\/yoast.com\/wordpress\/plugins\/seo\/ -->\n<title>K\u00fcnye - Harmonieplus<\/title>\n<meta name=\"robots\" content=\"index, follow, max-snippet:-1, max-image-preview:large, max-video-preview:-1\" \/>\n<link rel=\"canonical\" href=\"https:\/\/harmonieplus.de\/tr\/kuenye\/\" \/>\n<meta property=\"og:locale\" content=\"tr_TR\" \/>\n<meta property=\"og:type\" content=\"article\" \/>\n<meta property=\"og:title\" content=\"K\u00fcnye - Harmonieplus\" \/>\n<meta property=\"og:description\" content=\"K\u00fcnye TMG Madde 5 uyar\u0131nca bilgiler HarmoniePlus.deEmine Arslan-BilginHugo Eckener Str. 2950829 K\u00f6lnAlmanya Temsilci:Emine Arslan-Bilgin \u0130leti\u015fim:Telefon: +49 173 7963233E-Mail: info@harmonieplus.de Sorumluluk reddi: \u0130\u00e7indekiler i\u00e7in sorumluluk Sayfalar\u0131m\u0131z\u0131n i\u00e7eri\u011fi azami \u00f6zen g\u00f6sterilerek olu\u015fturulmu\u015ftur. Ancak, i\u00e7eri\u011fin do\u011frulu\u011fu, eksiksizli\u011fi ve g\u00fcncelli\u011fi konusunda herhangi bir sorumluluk kabul edemeyiz. Bir hizmet sa\u011flay\u0131c\u0131 olarak, Alman Telemedya Yasas\u0131 (TMG) Madde 7 (1) uyar\u0131nca genel [&hellip;]\" \/>\n<meta property=\"og:url\" content=\"https:\/\/harmonieplus.de\/tr\/kuenye\/\" \/>\n<meta property=\"og:site_name\" content=\"Harmonieplus\" \/>\n<meta property=\"article:modified_time\" content=\"2023-08-22T13:31:01+00:00\" \/>\n<meta name=\"twitter:card\" content=\"summary_large_image\" \/>\n<meta name=\"twitter:label1\" content=\"Tahmini okuma s\u00fcresi\" \/>\n\t<meta name=\"twitter:data1\" content=\"2 dakika\" \/>\n<script type=\"application\/ld+json\" class=\"yoast-schema-graph\">{\"@context\":\"https:\/\/schema.org\",\"@graph\":[{\"@type\":\"WebPage\",\"@id\":\"https:\/\/harmonieplus.de\/tr\/kuenye\/\",\"url\":\"https:\/\/harmonieplus.de\/tr\/kuenye\/\",\"name\":\"K\u00fcnye - Harmonieplus\",\"isPartOf\":{\"@id\":\"https:\/\/harmonieplus.de\/tr\/#website\"},\"datePublished\":\"2023-05-11T15:14:51+00:00\",\"dateModified\":\"2023-08-22T13:31:01+00:00\",\"breadcrumb\":{\"@id\":\"https:\/\/harmonieplus.de\/tr\/kuenye\/#breadcrumb\"},\"inLanguage\":\"tr\",\"potentialAction\":[{\"@type\":\"ReadAction\",\"target\":[\"https:\/\/harmonieplus.de\/tr\/kuenye\/\"]}]},{\"@type\":\"BreadcrumbList\",\"@id\":\"https:\/\/harmonieplus.de\/tr\/kuenye\/#breadcrumb\",\"itemListElement\":[{\"@type\":\"ListItem\",\"position\":1,\"name\":\"Startseite\",\"item\":\"https:\/\/harmonieplus.de\/tr\/\"},{\"@type\":\"ListItem\",\"position\":2,\"name\":\"K\u00fcnye\"}]},{\"@type\":\"WebSite\",\"@id\":\"https:\/\/harmonieplus.de\/tr\/#website\",\"url\":\"https:\/\/harmonieplus.de\/tr\/\",\"name\":\"Harmonieplus\",\"description\":\"Individuelle Beratung f\u00fcr pers\u00f6nliche und famili\u00e4re Herausforderungen\",\"publisher\":{\"@id\":\"https:\/\/harmonieplus.de\/tr\/#organization\"},\"potentialAction\":[{\"@type\":\"SearchAction\",\"target\":{\"@type\":\"EntryPoint\",\"urlTemplate\":\"https:\/\/harmonieplus.de\/tr\/?s={search_term_string}\"},\"query-input\":\"required name=search_term_string\"}],\"inLanguage\":\"tr\"},{\"@type\":\"Organization\",\"@id\":\"https:\/\/harmonieplus.de\/tr\/#organization\",\"name\":\"Harmonieplus\",\"url\":\"https:\/\/harmonieplus.de\/tr\/\",\"logo\":{\"@type\":\"ImageObject\",\"inLanguage\":\"tr\",\"@id\":\"https:\/\/harmonieplus.de\/tr\/#\/schema\/logo\/image\/\",\"url\":\"https:\/\/harmonieplus.de\/wp-content\/uploads\/2023\/05\/harmonieplus-favicon2.png\",\"contentUrl\":\"https:\/\/harmonieplus.de\/wp-content\/uploads\/2023\/05\/harmonieplus-favicon2.png\",\"width\":134,\"height\":134,\"caption\":\"Harmonieplus\"},\"image\":{\"@id\":\"https:\/\/harmonieplus.de\/tr\/#\/schema\/logo\/image\/\"}}]}<\/script>\n<!-- \/ Yoast SEO plugin. -->","yoast_head_json":{"title":"K\u00fcnye - Harmonieplus","robots":{"index":"index","follow":"follow","max-snippet":"max-snippet:-1","max-image-preview":"max-image-preview:large","max-video-preview":"max-video-preview:-1"},"canonical":"https:\/\/harmonieplus.de\/tr\/kuenye\/","og_locale":"tr_TR","og_type":"article","og_title":"K\u00fcnye - Harmonieplus","og_description":"K\u00fcnye TMG Madde 5 uyar\u0131nca bilgiler HarmoniePlus.deEmine Arslan-BilginHugo Eckener Str. 2950829 K\u00f6lnAlmanya Temsilci:Emine Arslan-Bilgin \u0130leti\u015fim:Telefon: +49 173 7963233E-Mail: info@harmonieplus.de Sorumluluk reddi: \u0130\u00e7indekiler i\u00e7in sorumluluk Sayfalar\u0131m\u0131z\u0131n i\u00e7eri\u011fi azami \u00f6zen g\u00f6sterilerek olu\u015fturulmu\u015ftur. Ancak, i\u00e7eri\u011fin do\u011frulu\u011fu, eksiksizli\u011fi ve g\u00fcncelli\u011fi konusunda herhangi bir sorumluluk kabul edemeyiz. Bir hizmet sa\u011flay\u0131c\u0131 olarak, Alman Telemedya Yasas\u0131 (TMG) Madde 7 (1) uyar\u0131nca genel [&hellip;]","og_url":"https:\/\/harmonieplus.de\/tr\/kuenye\/","og_site_name":"Harmonieplus","article_modified_time":"2023-08-22T13:31:01+00:00","twitter_card":"summary_large_image","twitter_misc":{"Tahmini okuma s\u00fcresi":"2 dakika"},"schema":{"@context":"https:\/\/schema.org","@graph":[{"@type":"WebPage","@id":"https:\/\/harmonieplus.de\/tr\/kuenye\/","url":"https:\/\/harmonieplus.de\/tr\/kuenye\/","name":"K\u00fcnye - Harmonieplus","isPartOf":{"@id":"https:\/\/harmonieplus.de\/tr\/#website"},"datePublished":"2023-05-11T15:14:51+00:00","dateModified":"2023-08-22T13:31:01+00:00","breadcrumb":{"@id":"https:\/\/harmonieplus.de\/tr\/kuenye\/#breadcrumb"},"inLanguage":"tr","potentialAction":[{"@type":"ReadAction","target":["https:\/\/harmonieplus.de\/tr\/kuenye\/"]}]},{"@type":"BreadcrumbList","@id":"https:\/\/harmonieplus.de\/tr\/kuenye\/#breadcrumb","itemListElement":[{"@type":"ListItem","position":1,"name":"Startseite","item":"https:\/\/harmonieplus.de\/tr\/"},{"@type":"ListItem","position":2,"name":"K\u00fcnye"}]},{"@type":"WebSite","@id":"https:\/\/harmonieplus.de\/tr\/#website","url":"https:\/\/harmonieplus.de\/tr\/","name":"Harmonieplus","description":"Individuelle Beratung f\u00fcr pers\u00f6nliche und famili\u00e4re Herausforderungen","publisher":{"@id":"https:\/\/harmonieplus.de\/tr\/#organization"},"potentialAction":[{"@type":"SearchAction","target":{"@type":"EntryPoint","urlTemplate":"https:\/\/harmonieplus.de\/tr\/?s={search_term_string}"},"query-input":"required name=search_term_string"}],"inLanguage":"tr"},{"@type":"Organization","@id":"https:\/\/harmonieplus.de\/tr\/#organization","name":"Harmonieplus","url":"https:\/\/harmonieplus.de\/tr\/","logo":{"@type":"ImageObject","inLanguage":"tr","@id":"https:\/\/harmonieplus.de\/tr\/#\/schema\/logo\/image\/","url":"https:\/\/harmonieplus.de\/wp-content\/uploads\/2023\/05\/harmonieplus-favicon2.png","contentUrl":"https:\/\/harmonieplus.de\/wp-content\/uploads\/2023\/05\/harmonieplus-favicon2.png","width":134,"height":134,"caption":"Harmonieplus"},"image":{"@id":"https:\/\/harmonieplus.de\/tr\/#\/schema\/logo\/image\/"}}]}},"_links":{"self":[{"href":"https:\/\/harmonieplus.de\/tr\/wp-json\/wp\/v2\/pages\/534"}],"collection":[{"href":"https:\/\/harmonieplus.de\/tr\/wp-json\/wp\/v2\/pages"}],"about":[{"href":"https:\/\/harmonieplus.de\/tr\/wp-json\/wp\/v2\/types\/page"}],"author":[{"embeddable":true,"href":"https:\/\/harmonieplus.de\/tr\/wp-json\/wp\/v2\/users\/1"}],"replies":[{"embeddable":true,"href":"https:\/\/harmonieplus.de\/tr\/wp-json\/wp\/v2\/comments?post=534"}],"version-history":[{"count":4,"href":"https:\/\/harmonieplus.de\/tr\/wp-json\/wp\/v2\/pages\/534\/revisions"}],"predecessor-version":[{"id":588,"href":"https:\/\/harmonieplus.de\/tr\/wp-json\/wp\/v2\/pages\/534\/revisions\/588"}],"wp:attachment":[{"href":"https:\/\/harmonieplus.de\/tr\/wp-json\/wp\/v2\/media?parent=534"}],"curies":[{"name":"wp","href":"https:\/\/api.w.org\/{rel}","templated":true}]}}